{"id":117,"date":"2022-12-11T15:28:00","date_gmt":"2022-12-11T14:28:00","guid":{"rendered":"https:\/\/pszczolkowski.info\/?page_id=117"},"modified":"2022-12-11T15:34:24","modified_gmt":"2022-12-11T14:34:24","slug":"aktualnosci","status":"publish","type":"page","link":"https:\/\/pszczolkowski.info\/?page_id=117","title":{"rendered":"Aktualno\u015bci"},"content":{"rendered":"\t\t<div data-elementor-type=\"wp-page\" data-elementor-id=\"117\" class=\"elementor elementor-117\">\n\t\t\t\t\t\t\t\t\t<section class=\"elementor-section elementor-top-section elementor-element elementor-element-36dda4e elementor-section-height-min-height elementor-section-boxed elementor-section-height-default elementor-section-items-middle\" data-id=\"36dda4e\" data-element_type=\"section\" data-settings=\"{&quot;background_background&quot;:&quot;classic&quot;}\">\n\t\t\t\t\t\t<div class=\"elementor-container elementor-column-gap-default\">\n\t\t\t\t\t<div class=\"elementor-column elementor-col-100 elementor-top-column elementor-element elementor-element-8092e9b\" data-id=\"8092e9b\" data-element_type=\"column\">\n\t\t\t<div class=\"elementor-widget-wrap\">\n\t\t\t\t\t\t\t\t\t<\/div>\n\t\t<\/div>\n\t\t\t\t\t\t\t<\/div>\n\t\t<\/section>\n\t\t\t\t<section class=\"elementor-section elementor-top-section elementor-element elementor-element-00b6e13 elementor-section-height-min-height elementor-section-boxed elementor-section-height-default elementor-section-items-middle\" data-id=\"00b6e13\" data-element_type=\"section\" data-settings=\"{&quot;background_background&quot;:&quot;classic&quot;}\">\n\t\t\t\t\t\t<div class=\"elementor-container elementor-column-gap-default\">\n\t\t\t\t\t<div class=\"elementor-column elementor-col-100 elementor-top-column elementor-element elementor-element-6318736\" data-id=\"6318736\" data-element_type=\"column\">\n\t\t\t<div class=\"elementor-widget-wrap elementor-element-populated\">\n\t\t\t\t\t\t\t\t<div class=\"elementor-element elementor-element-9b6246c elementor-widget elementor-widget-page-title\" data-id=\"9b6246c\" data-element_type=\"widget\" data-settings=\"{&quot;align&quot;:&quot;center&quot;}\" data-widget_type=\"page-title.default\">\n\t\t\t\t<div class=\"elementor-widget-container\">\n\t\t\t\t\t\n\t\t<div class=\"hfe-page-title hfe-page-title-wrapper elementor-widget-heading\">\n\n\t\t\t\t\t\t\t\t\t\t\t<a href=\"https:\/\/pszczolkowski.info\">\n\t\t\t\t\t\t<h2 class=\"elementor-heading-title elementor-size-default\">\n\t\t\t\t\t\t\t\t\n\t\t\t\tAktualno\u015bci  \n\t\t\t<\/h2 > \n\t\t\t\t\t\t\t\t\t<\/a>\n\t\t\t\t\t<\/div>\n\t\t\t\t<\/div>\n\t\t\t\t<\/div>\n\t\t\t\t\t<\/div>\n\t\t<\/div>\n\t\t\t\t\t\t\t<\/div>\n\t\t<\/section>\n\t\t\t\t<section class=\"elementor-section elementor-top-section elementor-element elementor-element-f2cc403 elementor-section-boxed elementor-section-height-default elementor-section-height-default\" data-id=\"f2cc403\" data-element_type=\"section\">\n\t\t\t\t\t\t<div class=\"elementor-container elementor-column-gap-default\">\n\t\t\t\t\t<div class=\"elementor-column elementor-col-100 elementor-top-column elementor-element elementor-element-203b7f5\" data-id=\"203b7f5\" data-element_type=\"column\">\n\t\t\t<div class=\"elementor-widget-wrap elementor-element-populated\">\n\t\t\t\t\t\t\t\t<div class=\"elementor-element elementor-element-397d09d meta-visibility-show section-title-style-style1 title-default title_position_default title_hover_border_default img_hover_animation_default meta_position_default tpg-category-position-default readmore-btn-default-style grid-hover-overlay-type-always tpg-el-box-border-enable elementor-widget elementor-widget-tpg-grid-layout\" data-id=\"397d09d\" data-element_type=\"widget\" data-widget_type=\"tpg-grid-layout.default\">\n\t\t\t\t<div class=\"elementor-widget-container\">\n\t\t\t        <div class=\"rt-container-fluid rt-tpg-container tpg-el-main-wrapper clearfix grid-layout1-main\"\r\n             id=\"rt-tpg-container-4288089650\"\r\n             data-layout=\"grid-layout1\"\r\n             data-grid-style=\"tpg-full-height\"\r\n             data-sc-id=\"elementor\"\r\n             data-el-settings=''\r\n             data-el-query=''\r\n             data-el-path=''\r\n        >\r\n\r\n\r\n\t\t\t<div class='tpg-header-wrapper '>\r\n        <div class=\"tpg-widget-heading-wrapper rt-clear heading-style1 \">\r\n            <span class=\"tpg-widget-heading-line line-left\"><\/span>\r\n\r\n\t\t\t<h2 class='tpg-widget-heading'>\r\n\t\t\t\r\n\t\t\t\t                    <span>\r\n                        Lista aktualno\u015bci                    <\/span>\r\n\t\t\t\t\t\r\n\t\t\t\t\t\t\t<\/h2>            <span class=\"tpg-widget-heading-line line-right\"><\/span>\r\n        <\/div>\r\n\r\n\t\t\r\n\t\t<\/div>\r\n            <div data-title=\"Loading ...\" class=\"rt-row rt-content-loader grid-layout1 grid-behaviour tpg-full-height grid_layout_wrapper\">\r\n\t\t\t\t\r\n<div class=\"rt-col-md-3 rt-col-sm-6 rt-col-xs-12 default rt-grid-item post-110 post type-post status-publish format-standard hentry category-bez-kategorii\"\t\tdata-id=\"110\">\r\n\t<div class=\"rt-holder tpg-post-holder\">\r\n\t\t<div class=\"rt-detail rt-el-content-wrapper\">\r\n\t\t\t\t\t\t\t<div class=\"rt-img-holder tpg-el-image-wrap has-no-thumbnail\">\r\n\t\t\t\t\t<a data-id=\"110\" href=\"https:\/\/pszczolkowski.info\/?p=110\" class=\"tpg-post-link\" target=\"_self\">\t\t\r\n\t\t<\/a>\r\n\t\t        <div class=\"overlay grid-hover-content\"><\/div>\r\n\t\t\t\t\t\t<\/div>\r\n\t\t\t\r\n\t\t\t<div class=\"entry-title-wrapper\"><h3 class=\"entry-title\"><a data-id=\"110\" href=\"https:\/\/pszczolkowski.info\/?p=110\" class=\"tpg-post-link\" target=\"_self\">Witaj \u015bwiecie<\/a><\/h3><\/div>\r\n\t\t\t\t\t\t\t<div class=\"post-meta-tags rt-el-post-meta\">\r\n\t\t\t\t\t            <span class='date'>\r\n\r\n\t\t\t\t<i aria-hidden=\"true\" class=\"far fa-calendar-alt\"><\/i>\t\t\t\t<a href=\"https:\/\/pszczolkowski.info\/?m=20221211\">\r\n\t\t\t\t\t2022-12-11\t\t\t\t<\/a>\r\n\t\t\t<\/span>\r\n\t\t\t            <span class='categories-links'>\r\n\t\t\t\t<i aria-hidden=\"true\" class=\"fas fa-folder-open\"><\/i><a href=\"https:\/\/pszczolkowski.info\/?cat=1\">Bez kategorii<\/a>\r\n\t\t\t<\/span>\r\n\t\t\t\t\t\t\t<\/div>\r\n\t\t\t\r\n\r\n\t\t\t\t\t\t\t<div class=\"tpg-excerpt tpg-el-excerpt\">\r\n\t\t\t\t\t\t\t\t\t\t\t<div class=\"tpg-excerpt-inner\">\r\n\t\t\t\t\t\t\tWitaj \u015bwiecie To jest szablon postu! Po prawej stronie b\u0119d\u0105 wy\u015bwietlane 4 ostatnio zamieszczone aktualno\u015bci ...\t\t\t\t\t\t<\/div>\r\n\t\t\t\t\t\t\t\t\t\t\t\t\t\t<\/div>\r\n\t\t\t\r\n\t\t\t        <div class=\"post-footer\">\r\n            <div class=\"read-more\">\r\n\t\t\t\t<a data-id=\"110\" href=\"https:\/\/pszczolkowski.info\/?p=110\" class=\"tpg-post-link\" target=\"_self\">Otw\u00f3rz wpis<\/a>            <\/div>\r\n        <\/div>\r\n\t\t\t\t<\/div>\r\n\t<\/div>\r\n<\/div>\r\n            <\/div>\r\n\t\t\t\r\n        <\/div>\r\n\t\t\t\t<\/div>\n\t\t\t\t<\/div>\n\t\t\t\t\t<\/div>\n\t\t<\/div>\n\t\t\t\t\t\t\t<\/div>\n\t\t<\/section>\n\t\t\t\t\t\t\t<\/div>\n\t\t","protected":false},"excerpt":{"rendered":"<p>Aktualno\u015bci Lista aktualno\u015bci Witaj \u015bwiecie 2022-12-11 Bez kategorii Witaj \u015bwiecie To jest szablon postu! Po prawej stronie b\u0119d\u0105 wy\u015bwietlane 4 ostatnio zamieszczone aktualno\u015bci &#8230; Otw\u00f3rz wpis<\/p>\n","protected":false},"author":2,"featured_media":0,"parent":0,"menu_order":0,"comment_status":"closed","ping_status":"closed","template":"elementor_canvas","meta":{"footnotes":""},"class_list":["post-117","page","type-page","status-publish","hentry"],"rttpg_featured_image_url":null,"rttpg_author":{"display_name":"kontrakt","author_link":"https:\/\/pszczolkowski.info\/?author=2"},"rttpg_comment":0,"rttpg_category":"","rttpg_excerpt":"Aktualno\u015bci Lista aktualno\u015bci Witaj \u015bwiecie 2022-12-11 Bez kategorii Witaj \u015bwiecie To jest szablon postu! Po prawej stronie b\u0119d\u0105 wy\u015bwietlane 4 ostatnio zamieszczone aktualno\u015bci &#8230; Otw\u00f3rz wpis","_links":{"self":[{"href":"https:\/\/pszczolkowski.info\/index.php?rest_route=\/wp\/v2\/pages\/117","targetHints":{"allow":["GET"]}}],"collection":[{"href":"https:\/\/pszczolkowski.info\/index.php?rest_route=\/wp\/v2\/pages"}],"about":[{"href":"https:\/\/pszczolkowski.info\/index.php?rest_route=\/wp\/v2\/types\/page"}],"author":[{"embeddable":true,"href":"https:\/\/pszczolkowski.info\/index.php?rest_route=\/wp\/v2\/users\/2"}],"replies":[{"embeddable":true,"href":"https:\/\/pszczolkowski.info\/index.php?rest_route=%2Fwp%2Fv2%2Fcomments&post=117"}],"version-history":[{"count":7,"href":"https:\/\/pszczolkowski.info\/index.php?rest_route=\/wp\/v2\/pages\/117\/revisions"}],"predecessor-version":[{"id":124,"href":"https:\/\/pszczolkowski.info\/index.php?rest_route=\/wp\/v2\/pages\/117\/revisions\/124"}],"wp:attachment":[{"href":"https:\/\/pszczolkowski.info\/index.php?rest_route=%2Fwp%2Fv2%2Fmedia&parent=117"}],"curies":[{"name":"wp","href":"https:\/\/api.w.org\/{rel}","templated":true}]}}